{"id":118,"date":"2024-11-29T17:27:46","date_gmt":"2024-11-29T17:27:46","guid":{"rendered":"https:\/\/marketingbambu.com\/?page_id=118"},"modified":"2024-12-28T16:37:36","modified_gmt":"2024-12-28T16:37:36","slug":"consultoria-estrategica-2","status":"publish","type":"page","link":"https:\/\/marketingbambu.com\/en\/consultoria-estrategica-2\/","title":{"rendered":"Strategic Consulting"},"content":{"rendered":"<div data-elementor-type=\"wp-page\" data-elementor-id=\"118\" class=\"elementor elementor-118\" data-elementor-post-type=\"page\">\n\t\t\t\t<div class=\"elementor-element elementor-element-e20c45b e-flex e-con-boxed e-con e-parent\" data-id=\"e20c45b\" data-element_type=\"container\">\n\t\t\t\t\t<div class=\"e-con-inner\">\n\t\t<div class=\"elementor-element elementor-element-cbc6dff e-con-full e-flex e-con e-child\" data-id=\"cbc6dff\" data-element_type=\"container\">\n\t\t\t\t<div class=\"elementor-element elementor-element-c5e86be elementor-widget__width-initial elementor-widget elementor-widget-heading\" data-id=\"c5e86be\" data-element_type=\"widget\" data-widget_type=\"heading.default\">\n\t\t\t\t<div class=\"elementor-widget-container\">\n\t\t\t\t\t<h1 class=\"elementor-heading-title elementor-size-default\">Strategic Consulting<\/h1>\t\t\t\t<\/div>\n\t\t\t\t<\/div>\n\t\t\t\t<div class=\"elementor-element elementor-element-03017d0 elementor-widget elementor-widget-text-editor\" data-id=\"03017d0\" data-element_type=\"widget\" data-widget_type=\"text-editor.default\">\n\t\t\t\t<div class=\"elementor-widget-container\">\n\t\t\t\t\t\t\t\t\t<p><span style=\"font-weight: 400;\">At Marketing Bambu, every client is unique. Our team of professionals evaluates and analyzes each situation and creates a tailored action plan based on their needs.<\/span><\/p><p><span style=\"font-weight: 400;\">Our experience allows us to support clients in diverse and fluctuating markets.\u00a0<\/span><\/p><p><span style=\"font-weight: 400;\">Bambu does not just o\ufb00er consulting for companies; we aim to forge strategic alliances to help boost their business.<\/span><\/p>\t\t\t\t\t\t\t\t<\/div>\n\t\t\t\t<\/div>\n\t\t\t\t<\/div>\n\t\t<div class=\"elementor-element elementor-element-92ff4f7 e-con-full e-flex e-con e-child\" data-id=\"92ff4f7\" data-element_type=\"container\">\n\t\t\t\t<div class=\"elementor-element elementor-element-9a8dda1 elementor-widget elementor-widget-image\" data-id=\"9a8dda1\" data-element_type=\"widget\" data-widget_type=\"image.default\">\n\t\t\t\t<div class=\"elementor-widget-container\">\n\t\t\t\t\t\t\t\t\t\t\t\t\t\t\t<img fetchpriority=\"high\" decoding=\"async\" width=\"447\" height=\"559\" src=\"https:\/\/marketingbambu.com\/wp-content\/uploads\/2024\/12\/consultoria_v2-removebg-preview.png\" class=\"attachment-large size-large wp-image-654\" alt=\"\" srcset=\"https:\/\/marketingbambu.com\/wp-content\/uploads\/2024\/12\/consultoria_v2-removebg-preview.png 447w, https:\/\/marketingbambu.com\/wp-content\/uploads\/2024\/12\/consultoria_v2-removebg-preview-240x300.png 240w\" sizes=\"(max-width: 447px) 100vw, 447px\" \/>\t\t\t\t\t\t\t\t\t\t\t\t\t\t\t<\/div>\n\t\t\t\t<\/div>\n\t\t\t\t<\/div>\n\t\t\t\t\t<\/div>\n\t\t\t\t<\/div>\n\t\t\t\t<\/div>","protected":false},"excerpt":{"rendered":"<p>Consultor\u00eda Estrat\u00e9gica Para Marketing Bambu cada cliente es \u00fanico. Nuestro equipo de profesionales eval\u00faa y analiza las diversas situaciones planteadas y en base a ello, confecciona un plan de acci\u00f3n acorde a las necesidades. Nuestra experiencia permite que hoy estemos acompa\u00f1ando a clientes en mercados diversos y fluctuantes.\u00a0 Bambu no ofrece solamente consultor\u00eda para empresas, [&hellip;]<\/p>","protected":false},"author":1,"featured_media":0,"parent":0,"menu_order":0,"comment_status":"closed","ping_status":"closed","template":"","meta":{"footnotes":""},"class_list":["post-118","page","type-page","status-publish","hentry"],"_links":{"self":[{"href":"https:\/\/marketingbambu.com\/en\/wp-json\/wp\/v2\/pages\/118","targetHints":{"allow":["GET"]}}],"collection":[{"href":"https:\/\/marketingbambu.com\/en\/wp-json\/wp\/v2\/pages"}],"about":[{"href":"https:\/\/marketingbambu.com\/en\/wp-json\/wp\/v2\/types\/page"}],"author":[{"embeddable":true,"href":"https:\/\/marketingbambu.com\/en\/wp-json\/wp\/v2\/users\/1"}],"replies":[{"embeddable":true,"href":"https:\/\/marketingbambu.com\/en\/wp-json\/wp\/v2\/comments?post=118"}],"version-history":[{"count":25,"href":"https:\/\/marketingbambu.com\/en\/wp-json\/wp\/v2\/pages\/118\/revisions"}],"predecessor-version":[{"id":657,"href":"https:\/\/marketingbambu.com\/en\/wp-json\/wp\/v2\/pages\/118\/revisions\/657"}],"wp:attachment":[{"href":"https:\/\/marketingbambu.com\/en\/wp-json\/wp\/v2\/media?parent=118"}],"curies":[{"name":"wp","href":"https:\/\/api.w.org\/{rel}","templated":true}]}}