{"id":358,"date":"2024-12-16T13:44:13","date_gmt":"2024-12-16T13:44:13","guid":{"rendered":"https:\/\/marketingbambu.com\/?page_id=358"},"modified":"2024-12-28T16:38:07","modified_gmt":"2024-12-28T16:38:07","slug":"branding","status":"publish","type":"page","link":"https:\/\/marketingbambu.com\/en\/branding\/","title":{"rendered":"Branding"},"content":{"rendered":"<div data-elementor-type=\"wp-page\" data-elementor-id=\"358\" class=\"elementor elementor-358\" data-elementor-post-type=\"page\">\n\t\t\t\t<div class=\"elementor-element elementor-element-e20c45b e-flex e-con-boxed e-con e-parent\" data-id=\"e20c45b\" data-element_type=\"container\">\n\t\t\t\t\t<div class=\"e-con-inner\">\n\t\t<div class=\"elementor-element elementor-element-cbc6dff e-con-full e-flex e-con e-child\" data-id=\"cbc6dff\" data-element_type=\"container\">\n\t\t\t\t<div class=\"elementor-element elementor-element-c5e86be elementor-widget__width-initial elementor-widget elementor-widget-heading\" data-id=\"c5e86be\" data-element_type=\"widget\" data-widget_type=\"heading.default\">\n\t\t\t\t<div class=\"elementor-widget-container\">\n\t\t\t\t\t<h1 class=\"elementor-heading-title elementor-size-default\">Branding<\/h1>\t\t\t\t<\/div>\n\t\t\t\t<\/div>\n\t\t\t\t<div class=\"elementor-element elementor-element-03017d0 elementor-widget elementor-widget-text-editor\" data-id=\"03017d0\" data-element_type=\"widget\" data-widget_type=\"text-editor.default\">\n\t\t\t\t<div class=\"elementor-widget-container\">\n\t\t\t\t\t\t\t\t\t<p><span style=\"font-weight: 400;\">We help create or enhance your company\u2019s visual identity by understanding its essence and finding the best way to communicate it.<\/span><\/p><ul><li style=\"font-weight: 400;\" aria-level=\"1\"><span style=\"font-weight: 400;\">Brandbook<\/span><\/li><li style=\"font-weight: 400;\" aria-level=\"1\"><span style=\"font-weight: 400;\">Brochure<\/span><\/li><li style=\"font-weight: 400;\" aria-level=\"1\"><span style=\"font-weight: 400;\">Corporate Stationery<\/span><\/li><li style=\"font-weight: 400;\" aria-level=\"1\"><span style=\"font-weight: 400;\">Catalogs<\/span><\/li><li style=\"font-weight: 400;\" aria-level=\"1\"><span style=\"font-weight: 400;\">Corporate Avatar<\/span><\/li><li style=\"font-weight: 400;\" aria-level=\"1\"><span style=\"font-weight: 400;\">Merchandising<\/span><\/li><li style=\"font-weight: 400;\" aria-level=\"1\"><span style=\"font-weight: 400;\">Signage<\/span><\/li><li style=\"font-weight: 400;\" aria-level=\"1\"><span style=\"font-weight: 400;\">Packaging<\/span><\/li><li style=\"font-weight: 400;\" aria-level=\"1\"><span style=\"font-weight: 400;\">Event Graphics<\/span><\/li><li style=\"font-weight: 400;\" aria-level=\"1\"><span style=\"font-weight: 400;\">Vehicle Wrapping<\/span><\/li><\/ul>\t\t\t\t\t\t\t\t<\/div>\n\t\t\t\t<\/div>\n\t\t\t\t<\/div>\n\t\t<div class=\"elementor-element elementor-element-92ff4f7 e-con-full e-flex e-con e-child\" data-id=\"92ff4f7\" data-element_type=\"container\">\n\t\t\t\t<div class=\"elementor-element elementor-element-9a8dda1 elementor-widget elementor-widget-image\" data-id=\"9a8dda1\" data-element_type=\"widget\" data-widget_type=\"image.default\">\n\t\t\t\t<div class=\"elementor-widget-container\">\n\t\t\t\t\t\t\t\t\t\t\t\t\t\t\t<img fetchpriority=\"high\" decoding=\"async\" width=\"447\" height=\"559\" src=\"https:\/\/marketingbambu.com\/wp-content\/uploads\/2024\/12\/branding_v2-removebg-preview.png\" class=\"attachment-large size-large wp-image-658\" alt=\"\" srcset=\"https:\/\/marketingbambu.com\/wp-content\/uploads\/2024\/12\/branding_v2-removebg-preview.png 447w, https:\/\/marketingbambu.com\/wp-content\/uploads\/2024\/12\/branding_v2-removebg-preview-240x300.png 240w\" sizes=\"(max-width: 447px) 100vw, 447px\" \/>\t\t\t\t\t\t\t\t\t\t\t\t\t\t\t<\/div>\n\t\t\t\t<\/div>\n\t\t\t\t<\/div>\n\t\t\t\t\t<\/div>\n\t\t\t\t<\/div>\n\t\t\t\t<\/div>","protected":false},"excerpt":{"rendered":"<p>Branding Ayudamos a crear o mejorar la identidad visual de su empresa entendiendo su esencia y encontrando la mejor forma de comunicarla. Brandbook Brochure Papeler\u00eda Institucional Cat\u00e1logos Avatar Institucional Merchandising Se\u00f1al\u00e9tica Packaging Gr\u00e1fica para Eventos Ploteo vehicular<\/p>","protected":false},"author":1,"featured_media":0,"parent":0,"menu_order":0,"comment_status":"closed","ping_status":"closed","template":"","meta":{"footnotes":""},"class_list":["post-358","page","type-page","status-publish","hentry"],"_links":{"self":[{"href":"https:\/\/marketingbambu.com\/en\/wp-json\/wp\/v2\/pages\/358","targetHints":{"allow":["GET"]}}],"collection":[{"href":"https:\/\/marketingbambu.com\/en\/wp-json\/wp\/v2\/pages"}],"about":[{"href":"https:\/\/marketingbambu.com\/en\/wp-json\/wp\/v2\/types\/page"}],"author":[{"embeddable":true,"href":"https:\/\/marketingbambu.com\/en\/wp-json\/wp\/v2\/users\/1"}],"replies":[{"embeddable":true,"href":"https:\/\/marketingbambu.com\/en\/wp-json\/wp\/v2\/comments?post=358"}],"version-history":[{"count":16,"href":"https:\/\/marketingbambu.com\/en\/wp-json\/wp\/v2\/pages\/358\/revisions"}],"predecessor-version":[{"id":661,"href":"https:\/\/marketingbambu.com\/en\/wp-json\/wp\/v2\/pages\/358\/revisions\/661"}],"wp:attachment":[{"href":"https:\/\/marketingbambu.com\/en\/wp-json\/wp\/v2\/media?parent=358"}],"curies":[{"name":"wp","href":"https:\/\/api.w.org\/{rel}","templated":true}]}}