{"id":370,"date":"2024-12-16T13:46:49","date_gmt":"2024-12-16T13:46:49","guid":{"rendered":"https:\/\/marketingbambu.com\/?page_id=370"},"modified":"2024-12-28T16:39:14","modified_gmt":"2024-12-28T16:39:14","slug":"web-site-ecommerce","status":"publish","type":"page","link":"https:\/\/marketingbambu.com\/en\/web-site-ecommerce\/","title":{"rendered":"Web Site &#038; Ecommerce"},"content":{"rendered":"<div data-elementor-type=\"wp-page\" data-elementor-id=\"370\" class=\"elementor elementor-370\" data-elementor-post-type=\"page\">\n\t\t\t\t<div class=\"elementor-element elementor-element-e20c45b e-flex e-con-boxed e-con e-parent\" data-id=\"e20c45b\" data-element_type=\"container\">\n\t\t\t\t\t<div class=\"e-con-inner\">\n\t\t<div class=\"elementor-element elementor-element-cbc6dff e-con-full e-flex e-con e-child\" data-id=\"cbc6dff\" data-element_type=\"container\">\n\t\t\t\t<div class=\"elementor-element elementor-element-c5e86be elementor-widget__width-initial elementor-widget elementor-widget-heading\" data-id=\"c5e86be\" data-element_type=\"widget\" data-widget_type=\"heading.default\">\n\t\t\t\t<div class=\"elementor-widget-container\">\n\t\t\t\t\t<h1 class=\"elementor-heading-title elementor-size-default\">Web Site & Ecommerce<\/h1>\t\t\t\t<\/div>\n\t\t\t\t<\/div>\n\t\t\t\t<div class=\"elementor-element elementor-element-03017d0 elementor-widget elementor-widget-text-editor\" data-id=\"03017d0\" data-element_type=\"widget\" data-widget_type=\"text-editor.default\">\n\t\t\t\t<div class=\"elementor-widget-container\">\n\t\t\t\t\t\t\t\t\t<p class=\"translation-block\">Design, development, or refreshing of websites tailored to each business and adapted to all devices.<\/p><p><span style=\"font-weight: 400;\">Creation of online stores (eCommerce).<\/span><\/p><p><span style=\"font-weight: 400;\">Management of domains, hosting, and SSL.<\/span><\/p><p><span style=\"font-weight: 400;\">Technical support (modifications, plugin updates, backups, technical errors, hosting, and SEO (*)<\/span><span style=\"font-weight: 400;\">).<\/span><\/p>\t\t\t\t\t\t\t\t<\/div>\n\t\t\t\t<\/div>\n\t\t\t\t<div class=\"elementor-element elementor-element-3abc280 elementor-widget elementor-widget-text-editor\" data-id=\"3abc280\" data-element_type=\"widget\" data-widget_type=\"text-editor.default\">\n\t\t\t\t<div class=\"elementor-widget-container\">\n\t\t\t\t\t\t\t\t\t<p><span style=\"font-weight: 400;\">(*) Based on research, we will find the best options to obtain quality backlinks, consolidate the brand, and build domain authority to climb search engine rankings.<\/span><span style=\"font-weight: 400;\">.<\/span><\/p>\t\t\t\t\t\t\t\t<\/div>\n\t\t\t\t<\/div>\n\t\t\t\t<\/div>\n\t\t<div class=\"elementor-element elementor-element-92ff4f7 e-con-full e-flex e-con e-child\" data-id=\"92ff4f7\" data-element_type=\"container\">\n\t\t\t\t<div class=\"elementor-element elementor-element-9a8dda1 elementor-widget elementor-widget-image\" data-id=\"9a8dda1\" data-element_type=\"widget\" data-widget_type=\"image.default\">\n\t\t\t\t<div class=\"elementor-widget-container\">\n\t\t\t\t\t\t\t\t\t\t\t\t\t\t\t<img fetchpriority=\"high\" decoding=\"async\" width=\"447\" height=\"559\" src=\"https:\/\/marketingbambu.com\/wp-content\/uploads\/2024\/12\/diseno_web_v2-removebg-preview.png\" class=\"attachment-large size-large wp-image-666\" alt=\"\" srcset=\"https:\/\/marketingbambu.com\/wp-content\/uploads\/2024\/12\/diseno_web_v2-removebg-preview.png 447w, https:\/\/marketingbambu.com\/wp-content\/uploads\/2024\/12\/diseno_web_v2-removebg-preview-240x300.png 240w\" sizes=\"(max-width: 447px) 100vw, 447px\" \/>\t\t\t\t\t\t\t\t\t\t\t\t\t\t\t<\/div>\n\t\t\t\t<\/div>\n\t\t\t\t<\/div>\n\t\t\t\t\t<\/div>\n\t\t\t\t<\/div>\n\t\t\t\t<\/div>","protected":false},"excerpt":{"rendered":"<p>Web Site &amp; Ecommerce Dise\u00f1o, desarrollo o refresh de sitios web acorde a cada empresa y adaptados a todo tipo de dispositivos. Generaci\u00f3n de tiendas online (eCommerce). Gesti\u00f3n de dominios, hosting y SSL. Soporte t\u00e9cnico (modificaciones, actualizaci\u00f3n de complementos, copias de seguridad, errores t\u00e9cnicos, alojamiento y SEO(*)). (*) Basado en el Research, conseguiremos las mejores [&hellip;]<\/p>","protected":false},"author":1,"featured_media":0,"parent":0,"menu_order":0,"comment_status":"closed","ping_status":"closed","template":"","meta":{"footnotes":""},"class_list":["post-370","page","type-page","status-publish","hentry"],"_links":{"self":[{"href":"https:\/\/marketingbambu.com\/en\/wp-json\/wp\/v2\/pages\/370","targetHints":{"allow":["GET"]}}],"collection":[{"href":"https:\/\/marketingbambu.com\/en\/wp-json\/wp\/v2\/pages"}],"about":[{"href":"https:\/\/marketingbambu.com\/en\/wp-json\/wp\/v2\/types\/page"}],"author":[{"embeddable":true,"href":"https:\/\/marketingbambu.com\/en\/wp-json\/wp\/v2\/users\/1"}],"replies":[{"embeddable":true,"href":"https:\/\/marketingbambu.com\/en\/wp-json\/wp\/v2\/comments?post=370"}],"version-history":[{"count":16,"href":"https:\/\/marketingbambu.com\/en\/wp-json\/wp\/v2\/pages\/370\/revisions"}],"predecessor-version":[{"id":669,"href":"https:\/\/marketingbambu.com\/en\/wp-json\/wp\/v2\/pages\/370\/revisions\/669"}],"wp:attachment":[{"href":"https:\/\/marketingbambu.com\/en\/wp-json\/wp\/v2\/media?parent=370"}],"curies":[{"name":"wp","href":"https:\/\/api.w.org\/{rel}","templated":true}]}}