{"id":388,"date":"2024-12-16T13:48:59","date_gmt":"2024-12-16T13:48:59","guid":{"rendered":"https:\/\/marketingbambu.com\/?page_id=388"},"modified":"2024-12-28T16:40:04","modified_gmt":"2024-12-28T16:40:04","slug":"talleres-capacitaciones-eventos","status":"publish","type":"page","link":"https:\/\/marketingbambu.com\/en\/talleres-capacitaciones-eventos\/","title":{"rendered":"Workshops, Trainings and Events"},"content":{"rendered":"<div data-elementor-type=\"wp-page\" data-elementor-id=\"388\" class=\"elementor elementor-388\" data-elementor-post-type=\"page\">\n\t\t\t\t<div class=\"elementor-element elementor-element-e20c45b e-flex e-con-boxed e-con e-parent\" data-id=\"e20c45b\" data-element_type=\"container\">\n\t\t\t\t\t<div class=\"e-con-inner\">\n\t\t<div class=\"elementor-element elementor-element-cbc6dff e-con-full e-flex e-con e-child\" data-id=\"cbc6dff\" data-element_type=\"container\">\n\t\t\t\t<div class=\"elementor-element elementor-element-c5e86be elementor-widget__width-initial elementor-widget elementor-widget-heading\" data-id=\"c5e86be\" data-element_type=\"widget\" data-widget_type=\"heading.default\">\n\t\t\t\t<div class=\"elementor-widget-container\">\n\t\t\t\t\t<h1 class=\"elementor-heading-title elementor-size-default\">Workshops, Trainings and Events<\/h1>\t\t\t\t<\/div>\n\t\t\t\t<\/div>\n\t\t\t\t<div class=\"elementor-element elementor-element-03017d0 elementor-widget elementor-widget-text-editor\" data-id=\"03017d0\" data-element_type=\"widget\" data-widget_type=\"text-editor.default\">\n\t\t\t\t<div class=\"elementor-widget-container\">\n\t\t\t\t\t\t\t\t\t<p><span style=\"font-weight: 400;\">We support our clients by training and retaining their sta\ufb00 through internal talks or workshops tailored to their requirements and needs. These include motivational, leadership, and sales talks.<\/span><\/p><p><span style=\"font-weight: 400;\">We manage, coordinate, and execute corporate events, expos, conferences and more.<\/span><\/p>\t\t\t\t\t\t\t\t<\/div>\n\t\t\t\t<\/div>\n\t\t\t\t<\/div>\n\t\t<div class=\"elementor-element elementor-element-92ff4f7 e-con-full e-flex e-con e-child\" data-id=\"92ff4f7\" data-element_type=\"container\">\n\t\t\t\t<div class=\"elementor-element elementor-element-9a8dda1 elementor-widget elementor-widget-image\" data-id=\"9a8dda1\" data-element_type=\"widget\" data-widget_type=\"image.default\">\n\t\t\t\t<div class=\"elementor-widget-container\">\n\t\t\t\t\t\t\t\t\t\t\t\t\t\t\t<img fetchpriority=\"high\" decoding=\"async\" width=\"447\" height=\"559\" src=\"https:\/\/marketingbambu.com\/wp-content\/uploads\/2024\/12\/eventos_v3-removebg-preview.png\" class=\"attachment-large size-large wp-image-674\" alt=\"\" srcset=\"https:\/\/marketingbambu.com\/wp-content\/uploads\/2024\/12\/eventos_v3-removebg-preview.png 447w, https:\/\/marketingbambu.com\/wp-content\/uploads\/2024\/12\/eventos_v3-removebg-preview-240x300.png 240w\" sizes=\"(max-width: 447px) 100vw, 447px\" \/>\t\t\t\t\t\t\t\t\t\t\t\t\t\t\t<\/div>\n\t\t\t\t<\/div>\n\t\t\t\t<\/div>\n\t\t\t\t\t<\/div>\n\t\t\t\t<\/div>\n\t\t\t\t<\/div>","protected":false},"excerpt":{"rendered":"<p>Talleres, Capacitaciones y Eventos Acompa\u00f1amos a nuestros clientes en la formaci\u00f3n y fidelizaci\u00f3n de su personal ofreciendo charlas o talleres internos de acuerdo a sus requerimientos y necesidades. Entre ellas, ofrecemos charlas motivacionales, de liderazgo y de ventas. Nos encargamos de la gesti\u00f3n, coordinaci\u00f3n y ejecuci\u00f3n de eventos empresariales, exposiciones, conferencias y otros.<\/p>","protected":false},"author":1,"featured_media":0,"parent":0,"menu_order":0,"comment_status":"closed","ping_status":"closed","template":"","meta":{"footnotes":""},"class_list":["post-388","page","type-page","status-publish","hentry"],"_links":{"self":[{"href":"https:\/\/marketingbambu.com\/en\/wp-json\/wp\/v2\/pages\/388","targetHints":{"allow":["GET"]}}],"collection":[{"href":"https:\/\/marketingbambu.com\/en\/wp-json\/wp\/v2\/pages"}],"about":[{"href":"https:\/\/marketingbambu.com\/en\/wp-json\/wp\/v2\/types\/page"}],"author":[{"embeddable":true,"href":"https:\/\/marketingbambu.com\/en\/wp-json\/wp\/v2\/users\/1"}],"replies":[{"embeddable":true,"href":"https:\/\/marketingbambu.com\/en\/wp-json\/wp\/v2\/comments?post=388"}],"version-history":[{"count":13,"href":"https:\/\/marketingbambu.com\/en\/wp-json\/wp\/v2\/pages\/388\/revisions"}],"predecessor-version":[{"id":677,"href":"https:\/\/marketingbambu.com\/en\/wp-json\/wp\/v2\/pages\/388\/revisions\/677"}],"wp:attachment":[{"href":"https:\/\/marketingbambu.com\/en\/wp-json\/wp\/v2\/media?parent=388"}],"curies":[{"name":"wp","href":"https:\/\/api.w.org\/{rel}","templated":true}]}}