{"id":61,"date":"2024-11-26T15:04:18","date_gmt":"2024-11-26T15:04:18","guid":{"rendered":"https:\/\/marketingbambu.com\/?page_id=61"},"modified":"2024-12-16T20:13:32","modified_gmt":"2024-12-16T20:13:32","slug":"filosofia-mb","status":"publish","type":"page","link":"https:\/\/marketingbambu.com\/en\/filosofia-mb\/","title":{"rendered":"Bambu Philosophy"},"content":{"rendered":"<div data-elementor-type=\"wp-page\" data-elementor-id=\"61\" class=\"elementor elementor-61\" data-elementor-post-type=\"page\">\n\t\t\t\t<div class=\"elementor-element elementor-element-499262e e-flex e-con-boxed e-con e-parent\" data-id=\"499262e\" data-element_type=\"container\">\n\t\t\t\t\t<div class=\"e-con-inner\">\n\t\t<div class=\"elementor-element elementor-element-8c6ab25 e-con-full e-flex e-con e-child\" data-id=\"8c6ab25\" data-element_type=\"container\">\n\t\t\t\t<div class=\"elementor-element elementor-element-ead2ce9 elementor-widget elementor-widget-heading\" data-id=\"ead2ce9\" data-element_type=\"widget\" data-widget_type=\"heading.default\">\n\t\t\t\t<div class=\"elementor-widget-container\">\n\t\t\t\t\t<h2 class=\"elementor-heading-title elementor-size-default\">Bambu Philosophy<\/h2>\t\t\t\t<\/div>\n\t\t\t\t<\/div>\n\t\t\t\t<div class=\"elementor-element elementor-element-e39b9df elementor-widget elementor-widget-text-editor\" data-id=\"e39b9df\" data-element_type=\"widget\" data-widget_type=\"text-editor.default\">\n\t\t\t\t<div class=\"elementor-widget-container\">\n\t\t\t\t\t\t\t\t\t<p>The bamboo tree, the agency\u2019s emblem, is known for being highly versatile. During its first years of apparent inactivity, it develops a complex root system that allows it to sustain growth throughout its life.<\/p>\t\t\t\t\t\t\t\t<\/div>\n\t\t\t\t<\/div>\n\t\t\t\t<div class=\"elementor-element elementor-element-f358f47 elementor-widget elementor-widget-text-editor\" data-id=\"f358f47\" data-element_type=\"widget\" data-widget_type=\"text-editor.default\">\n\t\t\t\t<div class=\"elementor-widget-container\">\n\t\t\t\t\t\t\t\t\t<p>From its development, the agency adopts certain traits to shape its brand: <strong>perseverance, consistency, and teamwork.<\/strong><\/p>\t\t\t\t\t\t\t\t<\/div>\n\t\t\t\t<\/div>\n\t\t\t\t<\/div>\n\t\t<div class=\"elementor-element elementor-element-8df2409 e-con-full e-flex e-con e-child\" data-id=\"8df2409\" data-element_type=\"container\">\n\t\t<div class=\"elementor-element elementor-element-3680727 e-con-full e-flex e-con e-child\" data-id=\"3680727\" data-element_type=\"container\">\n\t\t\t\t<div class=\"elementor-element elementor-element-1080e86 elementor-widget elementor-widget-heading\" data-id=\"1080e86\" data-element_type=\"widget\" data-widget_type=\"heading.default\">\n\t\t\t\t<div class=\"elementor-widget-container\">\n\t\t\t\t\t<h4 class=\"elementor-heading-title elementor-size-default\">Perseverance<\/h4>\t\t\t\t<\/div>\n\t\t\t\t<\/div>\n\t\t\t\t<div class=\"elementor-element elementor-element-0df7971 elementor-widget elementor-widget-text-editor\" data-id=\"0df7971\" data-element_type=\"widget\" data-widget_type=\"text-editor.default\">\n\t\t\t\t<div class=\"elementor-widget-container\">\n\t\t\t\t\t\t\t\t\t<p><span style=\"font-weight: 400;\">We work tirelessly, redefining actions to meet our objectives, despite any di\ufb03culties or obstacles that may arise. Perseverance leads to success.\u00a0<\/span><\/p>\t\t\t\t\t\t\t\t<\/div>\n\t\t\t\t<\/div>\n\t\t\t\t<\/div>\n\t\t<div class=\"elementor-element elementor-element-ecbc5fb e-con-full e-flex e-con e-child\" data-id=\"ecbc5fb\" data-element_type=\"container\">\n\t\t\t\t<div class=\"elementor-element elementor-element-144ffa4 elementor-widget elementor-widget-heading\" data-id=\"144ffa4\" data-element_type=\"widget\" data-widget_type=\"heading.default\">\n\t\t\t\t<div class=\"elementor-widget-container\">\n\t\t\t\t\t<h4 class=\"elementor-heading-title elementor-size-default\">Consistency\n<\/h4>\t\t\t\t<\/div>\n\t\t\t\t<\/div>\n\t\t\t\t<div class=\"elementor-element elementor-element-ff0f500 elementor-widget elementor-widget-text-editor\" data-id=\"ff0f500\" data-element_type=\"widget\" data-widget_type=\"text-editor.default\">\n\t\t\t\t<div class=\"elementor-widget-container\">\n\t\t\t\t\t\t\t\t\t<p><span style=\"font-weight: 400;\">Through persistence, we continue to grow, enhance, and sustain ourselves.<\/span><\/p>\t\t\t\t\t\t\t\t<\/div>\n\t\t\t\t<\/div>\n\t\t\t\t<\/div>\n\t\t<div class=\"elementor-element elementor-element-03d9f2e e-con-full e-flex e-con e-child\" data-id=\"03d9f2e\" data-element_type=\"container\">\n\t\t\t\t<div class=\"elementor-element elementor-element-2373675 elementor-widget elementor-widget-heading\" data-id=\"2373675\" data-element_type=\"widget\" data-widget_type=\"heading.default\">\n\t\t\t\t<div class=\"elementor-widget-container\">\n\t\t\t\t\t<h4 class=\"elementor-heading-title elementor-size-default\">Teamwork\n<\/h4>\t\t\t\t<\/div>\n\t\t\t\t<\/div>\n\t\t\t\t<div class=\"elementor-element elementor-element-8635194 elementor-widget elementor-widget-text-editor\" data-id=\"8635194\" data-element_type=\"widget\" data-widget_type=\"text-editor.default\">\n\t\t\t\t<div class=\"elementor-widget-container\">\n\t\t\t\t\t\t\t\t\t<p>We recognize the value of every professional and seek to generate synergy by working together.<\/p>\t\t\t\t\t\t\t\t<\/div>\n\t\t\t\t<\/div>\n\t\t\t\t<\/div>\n\t\t\t\t<\/div>\n\t\t\t\t\t<\/div>\n\t\t\t\t<\/div>\n\t\t<div class=\"elementor-element elementor-element-074450e e-flex e-con-boxed e-con e-parent\" data-id=\"074450e\" data-element_type=\"container\" data-settings=\"{&quot;background_background&quot;:&quot;classic&quot;}\">\n\t\t\t\t\t<div class=\"e-con-inner\">\n\t\t\t\t<div class=\"elementor-element elementor-element-5bfb519 elementor-widget__width-initial elementor-widget-mobile__width-inherit elementor-widget elementor-widget-heading\" data-id=\"5bfb519\" data-element_type=\"widget\" data-widget_type=\"heading.default\">\n\t\t\t\t<div class=\"elementor-widget-container\">\n\t\t\t\t\t<span class=\"elementor-heading-title elementor-size-default\">At Marketing Bambu, we strive to build a solid foundation, a consistent network with strong roots that motivate and drive us to always aim higher. <\/span>\t\t\t\t<\/div>\n\t\t\t\t<\/div>\n\t\t\t\t\t<\/div>\n\t\t\t\t<\/div>\n\t\t\t\t<\/div>","protected":false},"excerpt":{"rendered":"<p>Filosof\u00eda MB El Bamb\u00fa, emblema de la agencia, se destaca por ser un \u00e1rbol muy vers\u00e1til y que durante los primeros a\u00f1os de aparente inactividad, genera un complejo sistema de ra\u00edces que le permite sostener su crecimiento a lo largo de toda su vida. De su desarrollo, la agencia toma algunas caracter\u00edsticas para constituir la [&hellip;]<\/p>","protected":false},"author":1,"featured_media":0,"parent":0,"menu_order":0,"comment_status":"closed","ping_status":"closed","template":"","meta":{"footnotes":""},"class_list":["post-61","page","type-page","status-publish","hentry"],"_links":{"self":[{"href":"https:\/\/marketingbambu.com\/en\/wp-json\/wp\/v2\/pages\/61","targetHints":{"allow":["GET"]}}],"collection":[{"href":"https:\/\/marketingbambu.com\/en\/wp-json\/wp\/v2\/pages"}],"about":[{"href":"https:\/\/marketingbambu.com\/en\/wp-json\/wp\/v2\/types\/page"}],"author":[{"embeddable":true,"href":"https:\/\/marketingbambu.com\/en\/wp-json\/wp\/v2\/users\/1"}],"replies":[{"embeddable":true,"href":"https:\/\/marketingbambu.com\/en\/wp-json\/wp\/v2\/comments?post=61"}],"version-history":[{"count":34,"href":"https:\/\/marketingbambu.com\/en\/wp-json\/wp\/v2\/pages\/61\/revisions"}],"predecessor-version":[{"id":494,"href":"https:\/\/marketingbambu.com\/en\/wp-json\/wp\/v2\/pages\/61\/revisions\/494"}],"wp:attachment":[{"href":"https:\/\/marketingbambu.com\/en\/wp-json\/wp\/v2\/media?parent=61"}],"curies":[{"name":"wp","href":"https:\/\/api.w.org\/{rel}","templated":true}]}}