{"id":8,"date":"2024-11-25T17:05:29","date_gmt":"2024-11-25T17:05:29","guid":{"rendered":"https:\/\/marketingbambu.com\/?page_id=8"},"modified":"2025-01-18T15:43:17","modified_gmt":"2025-01-18T15:43:17","slug":"inicio","status":"publish","type":"page","link":"https:\/\/marketingbambu.com\/en\/","title":{"rendered":"Inicio"},"content":{"rendered":"<div data-elementor-type=\"wp-page\" data-elementor-id=\"8\" class=\"elementor elementor-8\" data-elementor-post-type=\"page\">\n\t\t\t\t<div class=\"elementor-element elementor-element-d04518d e-con-full e-flex e-con e-parent\" data-id=\"d04518d\" data-element_type=\"container\">\n\t\t\t\t<div class=\"elementor-element elementor-element-34aaa6e elementor-hidden-mobile elementor--h-position-center elementor--v-position-middle elementor-widget elementor-widget-slides\" data-id=\"34aaa6e\" data-element_type=\"widget\" data-settings=\"{&quot;navigation&quot;:&quot;none&quot;,&quot;autoplay&quot;:&quot;yes&quot;,&quot;pause_on_interaction&quot;:&quot;yes&quot;,&quot;autoplay_speed&quot;:5000,&quot;infinite&quot;:&quot;yes&quot;,&quot;transition&quot;:&quot;slide&quot;,&quot;transition_speed&quot;:500}\" data-widget_type=\"slides.default\">\n\t\t\t\t<div class=\"elementor-widget-container\">\n\t\t\t\t\t\t\t\t\t<div class=\"elementor-swiper\">\n\t\t\t\t\t<div class=\"elementor-slides-wrapper elementor-main-swiper swiper\" role=\"region\" aria-roledescription=\"carousel\" aria-label=\"Slides\" dir=\"ltr\" data-animation=\"fadeInUp\">\n\t\t\t\t<div class=\"swiper-wrapper elementor-slides\">\n\t\t\t\t\t\t\t\t\t\t<div class=\"elementor-repeater-item-f87312b swiper-slide\" role=\"group\" aria-roledescription=\"slide\"><div class=\"swiper-slide-bg\" role=\"img\"><\/div><div class=\"swiper-slide-inner\" ><div class=\"swiper-slide-contents\"><div class=\"elementor-slide-heading\">#WeAreBamb\u00fa<\/div><\/div><\/div><\/div><div class=\"elementor-repeater-item-afd8c8c swiper-slide\" role=\"group\" aria-roledescription=\"slide\"><div class=\"swiper-slide-bg\" role=\"img\"><\/div><div class=\"elementor-background-overlay\"><\/div><div class=\"swiper-slide-inner\" ><div class=\"swiper-slide-contents\"><div class=\"elementor-slide-heading\">360+ AGENCY<\/div><\/div><\/div><\/div><div class=\"elementor-repeater-item-c6ecd12 swiper-slide\" role=\"group\" aria-roledescription=\"slide\"><div class=\"swiper-slide-bg\" role=\"img\"><\/div><div class=\"elementor-background-overlay\"><\/div><div class=\"swiper-slide-inner\" ><div class=\"swiper-slide-contents\"><div class=\"elementor-slide-heading\">Are you ready to get started?<\/div><\/div><\/div><\/div>\t\t\t\t<\/div>\n\t\t\t\t\t\t\t\t\t\t\t\t\t\t\t\t\t\t\t\t\t<\/div>\n\t\t\t\t<\/div>\n\t\t\t\t\t\t\t\t<\/div>\n\t\t\t\t<\/div>\n\t\t\t\t<div class=\"elementor-element elementor-element-efe6df3 elementor-hidden-desktop elementor-hidden-tablet elementor--h-position-center elementor--v-position-middle elementor-widget elementor-widget-slides\" data-id=\"efe6df3\" data-element_type=\"widget\" data-settings=\"{&quot;navigation&quot;:&quot;none&quot;,&quot;autoplay&quot;:&quot;yes&quot;,&quot;pause_on_interaction&quot;:&quot;yes&quot;,&quot;autoplay_speed&quot;:5000,&quot;infinite&quot;:&quot;yes&quot;,&quot;transition&quot;:&quot;slide&quot;,&quot;transition_speed&quot;:500}\" data-widget_type=\"slides.default\">\n\t\t\t\t<div class=\"elementor-widget-container\">\n\t\t\t\t\t\t\t\t\t<div class=\"elementor-swiper\">\n\t\t\t\t\t<div class=\"elementor-slides-wrapper elementor-main-swiper swiper\" role=\"region\" aria-roledescription=\"carousel\" aria-label=\"Slides\" dir=\"ltr\" data-animation=\"fadeInUp\">\n\t\t\t\t<div class=\"swiper-wrapper elementor-slides\">\n\t\t\t\t\t\t\t\t\t\t<div class=\"elementor-repeater-item-f87312b swiper-slide\" role=\"group\" aria-roledescription=\"slide\"><div class=\"swiper-slide-bg\" role=\"img\"><\/div><div class=\"swiper-slide-inner\" ><div class=\"swiper-slide-contents\"><div class=\"elementor-slide-heading\">#WeAreBamb\u00fa<\/div><\/div><\/div><\/div><div class=\"elementor-repeater-item-afd8c8c swiper-slide\" role=\"group\" aria-roledescription=\"slide\"><div class=\"swiper-slide-bg\" role=\"img\"><\/div><div class=\"elementor-background-overlay\"><\/div><div class=\"swiper-slide-inner\" ><div class=\"swiper-slide-contents\"><div class=\"elementor-slide-heading\">360+ AGENCY<\/div><\/div><\/div><\/div><div class=\"elementor-repeater-item-c6ecd12 swiper-slide\" role=\"group\" aria-roledescription=\"slide\"><div class=\"swiper-slide-bg\" role=\"img\"><\/div><div class=\"elementor-background-overlay\"><\/div><div class=\"swiper-slide-inner\" ><div class=\"swiper-slide-contents\"><div class=\"elementor-slide-heading\">Are you ready to get started?<\/div><\/div><\/div><\/div>\t\t\t\t<\/div>\n\t\t\t\t\t\t\t\t\t\t\t\t\t\t\t\t\t\t\t\t\t<\/div>\n\t\t\t\t<\/div>\n\t\t\t\t\t\t\t\t<\/div>\n\t\t\t\t<\/div>\n\t\t\t\t<\/div>\n\t\t<div class=\"elementor-element elementor-element-60c87b1 e-flex e-con-boxed e-con e-parent\" data-id=\"60c87b1\" data-element_type=\"container\">\n\t\t\t\t\t<div class=\"e-con-inner\">\n\t\t\t\t<div class=\"elementor-element elementor-element-934d426 elementor-widget elementor-widget-text-editor\" data-id=\"934d426\" data-element_type=\"widget\" data-widget_type=\"text-editor.default\">\n\t\t\t\t<div class=\"elementor-widget-container\">\n\t\t\t\t\t\t\t\t\t<p><strong>We support<\/strong> to our clients in the development, management and implementation of short, medium and long term strategies.<br \/>Our structure of <strong>professionals<\/strong> is made up of marketing specialists, creatives, journalists, designers and programmers.<\/p>\t\t\t\t\t\t\t\t<\/div>\n\t\t\t\t<\/div>\n\t\t\t\t\t<\/div>\n\t\t\t\t<\/div>\n\t\t<div class=\"elementor-element elementor-element-d7c13c5 e-con-full e-flex e-con e-parent\" data-id=\"d7c13c5\" data-element_type=\"container\" data-settings=\"{&quot;background_background&quot;:&quot;classic&quot;}\">\n\t\t<div class=\"elementor-element elementor-element-608146c e-flex e-con-boxed e-con e-child\" data-id=\"608146c\" data-element_type=\"container\">\n\t\t\t\t\t<div class=\"e-con-inner\">\n\t\t<div class=\"elementor-element elementor-element-9969f0b e-con-full e-flex e-con e-child\" data-id=\"9969f0b\" data-element_type=\"container\">\n\t\t\t\t<div class=\"elementor-element elementor-element-9d2e051 elementor-widget elementor-widget-heading\" data-id=\"9d2e051\" data-element_type=\"widget\" data-widget_type=\"heading.default\">\n\t\t\t\t<div class=\"elementor-widget-container\">\n\t\t\t\t\t<h2 class=\"elementor-heading-title elementor-size-default\">Services<\/h2>\t\t\t\t<\/div>\n\t\t\t\t<\/div>\n\t\t\t\t<div class=\"elementor-element elementor-element-e52018e elementor-widget elementor-widget-heading\" data-id=\"e52018e\" data-element_type=\"widget\" data-widget_type=\"heading.default\">\n\t\t\t\t<div class=\"elementor-widget-container\">\n\t\t\t\t\t<h4 class=\"elementor-heading-title elementor-size-default\">Marketing Bambu<\/h4>\t\t\t\t<\/div>\n\t\t\t\t<\/div>\n\t\t\t\t<div class=\"elementor-element elementor-element-5dc94c7 elementor-widget__width-initial elementor-widget-tablet__width-inherit elementor-widget elementor-widget-heading\" data-id=\"5dc94c7\" data-element_type=\"widget\" data-widget_type=\"heading.default\">\n\t\t\t\t<div class=\"elementor-widget-container\">\n\t\t\t\t\t<span class=\"elementor-heading-title elementor-size-default\">We are ready for you! We invite you to get to know\nour services, 100% customized and \ndesigned for your company.<\/span>\t\t\t\t<\/div>\n\t\t\t\t<\/div>\n\t\t\t\t<\/div>\n\t\t<div class=\"elementor-element elementor-element-a55fbbd e-con-full e-flex e-con e-child\" data-id=\"a55fbbd\" data-element_type=\"container\">\n\t\t<a class=\"elementor-element elementor-element-6da043b e-con-full e-flex elementor-invisible e-con e-child\" data-id=\"6da043b\" data-element_type=\"container\" data-settings=\"{&quot;background_background&quot;:&quot;classic&quot;,&quot;animation&quot;:&quot;fadeInRight&quot;}\" href=\"https:\/\/marketingbambu.com\/en\/consultoria-estrategica-2\/\">\n\t\t\t\t<div class=\"elementor-element elementor-element-cfa1ed6 elementor-widget elementor-widget-heading\" data-id=\"cfa1ed6\" data-element_type=\"widget\" data-settings=\"{&quot;_animation&quot;:&quot;none&quot;}\" data-widget_type=\"heading.default\">\n\t\t\t\t<div class=\"elementor-widget-container\">\n\t\t\t\t\t<span class=\"elementor-heading-title elementor-size-default\">Strategic Consulting<\/span>\t\t\t\t<\/div>\n\t\t\t\t<\/div>\n\t\t\t\t<\/a>\n\t\t<a class=\"elementor-element elementor-element-7bead17 e-con-full e-flex elementor-invisible e-con e-child\" data-id=\"7bead17\" data-element_type=\"container\" data-settings=\"{&quot;background_background&quot;:&quot;classic&quot;,&quot;animation&quot;:&quot;fadeInRight&quot;,&quot;animation_delay&quot;:100}\" href=\"https:\/\/marketingbambu.com\/en\/branding\/\">\n\t\t\t\t<div class=\"elementor-element elementor-element-cefeb03 elementor-widget elementor-widget-heading\" data-id=\"cefeb03\" data-element_type=\"widget\" data-settings=\"{&quot;_animation&quot;:&quot;none&quot;}\" data-widget_type=\"heading.default\">\n\t\t\t\t<div class=\"elementor-widget-container\">\n\t\t\t\t\t<span class=\"elementor-heading-title elementor-size-default\">Branding<\/span>\t\t\t\t<\/div>\n\t\t\t\t<\/div>\n\t\t\t\t<\/a>\n\t\t<a class=\"elementor-element elementor-element-87784f4 e-con-full e-flex elementor-invisible e-con e-child\" data-id=\"87784f4\" data-element_type=\"container\" data-settings=\"{&quot;background_background&quot;:&quot;classic&quot;,&quot;animation&quot;:&quot;fadeInRight&quot;,&quot;animation_delay&quot;:200}\" href=\"https:\/\/marketingbambu.com\/en\/social-media\/\">\n\t\t\t\t<div class=\"elementor-element elementor-element-29ca929 elementor-widget elementor-widget-heading\" data-id=\"29ca929\" data-element_type=\"widget\" data-settings=\"{&quot;_animation&quot;:&quot;none&quot;}\" data-widget_type=\"heading.default\">\n\t\t\t\t<div class=\"elementor-widget-container\">\n\t\t\t\t\t<span class=\"elementor-heading-title elementor-size-default\">Social Media<\/span>\t\t\t\t<\/div>\n\t\t\t\t<\/div>\n\t\t\t\t<\/a>\n\t\t<a class=\"elementor-element elementor-element-e38ad97 e-con-full e-flex elementor-invisible e-con e-child\" data-id=\"e38ad97\" data-element_type=\"container\" data-settings=\"{&quot;background_background&quot;:&quot;classic&quot;,&quot;animation&quot;:&quot;fadeInRight&quot;,&quot;animation_delay&quot;:300}\" href=\"https:\/\/marketingbambu.com\/en\/web-site-ecommerce\/\">\n\t\t\t\t<div class=\"elementor-element elementor-element-ca41c56 elementor-widget elementor-widget-heading\" data-id=\"ca41c56\" data-element_type=\"widget\" data-settings=\"{&quot;_animation&quot;:&quot;none&quot;}\" data-widget_type=\"heading.default\">\n\t\t\t\t<div class=\"elementor-widget-container\">\n\t\t\t\t\t<span class=\"elementor-heading-title elementor-size-default\">Web Site &amp; Ecommerce<\/span>\t\t\t\t<\/div>\n\t\t\t\t<\/div>\n\t\t\t\t<\/a>\n\t\t<a class=\"elementor-element elementor-element-a640ae4 e-con-full e-flex elementor-invisible e-con e-child\" data-id=\"a640ae4\" data-element_type=\"container\" data-settings=\"{&quot;background_background&quot;:&quot;classic&quot;,&quot;animation&quot;:&quot;fadeInRight&quot;,&quot;animation_delay&quot;:400}\" href=\"https:\/\/marketingbambu.com\/en\/email-marketing\/\">\n\t\t\t\t<div class=\"elementor-element elementor-element-f49a72e elementor-widget elementor-widget-heading\" data-id=\"f49a72e\" data-element_type=\"widget\" data-settings=\"{&quot;_animation&quot;:&quot;none&quot;}\" data-widget_type=\"heading.default\">\n\t\t\t\t<div class=\"elementor-widget-container\">\n\t\t\t\t\t<span class=\"elementor-heading-title elementor-size-default\">Email Marketing<\/span>\t\t\t\t<\/div>\n\t\t\t\t<\/div>\n\t\t\t\t<\/a>\n\t\t<a class=\"elementor-element elementor-element-8529337 e-con-full e-flex elementor-invisible e-con e-child\" data-id=\"8529337\" data-element_type=\"container\" data-settings=\"{&quot;background_background&quot;:&quot;classic&quot;,&quot;animation&quot;:&quot;fadeInRight&quot;,&quot;animation_delay&quot;:500}\" href=\"https:\/\/marketingbambu.com\/en\/talleres-capacitaciones-eventos\/\">\n\t\t\t\t<div class=\"elementor-element elementor-element-e9e2c6e elementor-widget elementor-widget-heading\" data-id=\"e9e2c6e\" data-element_type=\"widget\" data-settings=\"{&quot;_animation&quot;:&quot;none&quot;}\" data-widget_type=\"heading.default\">\n\t\t\t\t<div class=\"elementor-widget-container\">\n\t\t\t\t\t<span class=\"elementor-heading-title elementor-size-default\">Workshops, Trainings and Events<\/span>\t\t\t\t<\/div>\n\t\t\t\t<\/div>\n\t\t\t\t<\/a>\n\t\t\t\t<\/div>\n\t\t\t\t\t<\/div>\n\t\t\t\t<\/div>\n\t\t\t\t<\/div>\n\t\t<div class=\"elementor-element elementor-element-8ebf207 e-flex e-con-boxed e-con e-parent\" data-id=\"8ebf207\" data-element_type=\"container\">\n\t\t\t\t\t<div class=\"e-con-inner\">\n\t\t<div class=\"elementor-element elementor-element-1f7eece e-con-full e-flex e-con e-child\" data-id=\"1f7eece\" data-element_type=\"container\">\n\t\t\t\t<div class=\"elementor-element elementor-element-c6b3bdf elementor-widget elementor-widget-image\" data-id=\"c6b3bdf\" data-element_type=\"widget\" data-widget_type=\"image.default\">\n\t\t\t\t<div class=\"elementor-widget-container\">\n\t\t\t\t\t\t\t\t\t\t\t\t\t\t\t<img decoding=\"async\" width=\"50\" height=\"76\" src=\"https:\/\/marketingbambu.com\/wp-content\/uploads\/2024\/11\/Recurso-4.png\" class=\"attachment-large size-large wp-image-43\" alt=\"\" \/>\t\t\t\t\t\t\t\t\t\t\t\t\t\t\t<\/div>\n\t\t\t\t<\/div>\n\t\t\t\t<div class=\"elementor-element elementor-element-a513f7a elementor-widget__width-initial elementor-widget elementor-widget-heading\" data-id=\"a513f7a\" data-element_type=\"widget\" data-widget_type=\"heading.default\">\n\t\t\t\t<div class=\"elementor-widget-container\">\n\t\t\t\t\t<h2 class=\"elementor-heading-title elementor-size-default\">Reasons to choose us<\/h2>\t\t\t\t<\/div>\n\t\t\t\t<\/div>\n\t\t\t\t<\/div>\n\t\t<div class=\"elementor-element elementor-element-274d5b6 e-con-full e-flex e-con e-child\" data-id=\"274d5b6\" data-element_type=\"container\">\n\t\t\t\t<div class=\"elementor-element elementor-element-02607a3 elementor-widget elementor-widget-text-editor\" data-id=\"02607a3\" data-element_type=\"widget\" data-widget_type=\"text-editor.default\">\n\t\t\t\t<div class=\"elementor-widget-container\">\n\t\t\t\t\t\t\t\t\t<p><strong>Commitment<\/strong> to grow together<\/p><p><strong>Quality<\/strong> Communication<\/p><p><strong>Flexibility<\/strong> in the face of challenges<\/p><p><strong>Excellent team<\/strong> of professionals<\/p><p><strong>Responsible<\/strong> experts<\/p><p><strong>Transparency<\/strong> and promotion of values<\/p><p><strong>Problem<\/strong> -solving<\/p><p><strong>Constant<\/strong> expansion<\/p>\t\t\t\t\t\t\t\t<\/div>\n\t\t\t\t<\/div>\n\t\t\t\t<\/div>\n\t\t\t\t\t<\/div>\n\t\t\t\t<\/div>\n\t\t<div class=\"elementor-element elementor-element-24939e7 e-flex e-con-boxed e-con e-parent\" data-id=\"24939e7\" data-element_type=\"container\" data-settings=\"{&quot;background_background&quot;:&quot;classic&quot;}\">\n\t\t\t\t\t<div class=\"e-con-inner\">\n\t\t\t\t<div class=\"elementor-element elementor-element-5236fe2 elementor-widget elementor-widget-heading\" data-id=\"5236fe2\" data-element_type=\"widget\" data-widget_type=\"heading.default\">\n\t\t\t\t<div class=\"elementor-widget-container\">\n\t\t\t\t\t<h3 class=\"elementor-heading-title elementor-size-default\">PARTNERS & SUPPLIERS<\/h3>\t\t\t\t<\/div>\n\t\t\t\t<\/div>\n\t\t\t\t<div class=\"elementor-element elementor-element-b02d048 carousel-links elementor-widget elementor-widget-image-carousel\" data-id=\"b02d048\" data-element_type=\"widget\" data-settings=\"{&quot;slides_to_show&quot;:&quot;4&quot;,&quot;slides_to_scroll&quot;:&quot;1&quot;,&quot;navigation&quot;:&quot;none&quot;,&quot;lazyload&quot;:&quot;yes&quot;,&quot;speed&quot;:1200,&quot;autoplay_speed&quot;:2500,&quot;autoplay&quot;:&quot;yes&quot;,&quot;infinite&quot;:&quot;yes&quot;}\" data-widget_type=\"image-carousel.default\">\n\t\t\t\t<div class=\"elementor-widget-container\">\n\t\t\t\t\t\t\t<div class=\"elementor-image-carousel-wrapper swiper\" role=\"region\" aria-roledescription=\"carousel\" aria-label=\"Carrusel de im\u00e1genes\" dir=\"ltr\">\n\t\t\t<div class=\"elementor-image-carousel swiper-wrapper\" aria-live=\"off\">\n\t\t\t\t\t\t\t\t<div class=\"swiper-slide\" role=\"group\" aria-roledescription=\"slide\" aria-label=\"1 of 7\"><figure class=\"swiper-slide-inner\"><img class=\"swiper-slide-image swiper-lazy\" data-src=\"https:\/\/marketingbambu.com\/wp-content\/uploads\/2024\/12\/logo_agf-150x150.jpg\" alt=\"logo_agf\" \/><div class=\"swiper-lazy-preloader\"><\/div><\/figure><\/div><div class=\"swiper-slide\" role=\"group\" aria-roledescription=\"slide\" aria-label=\"2 of 7\"><figure class=\"swiper-slide-inner\"><img class=\"swiper-slide-image swiper-lazy\" data-src=\"https:\/\/marketingbambu.com\/wp-content\/uploads\/2024\/12\/logo_estebandigial.jpg\" alt=\"logo_estebandigial\" \/><div class=\"swiper-lazy-preloader\"><\/div><\/figure><\/div><div class=\"swiper-slide\" role=\"group\" aria-roledescription=\"slide\" aria-label=\"3 of 7\"><figure class=\"swiper-slide-inner\"><img class=\"swiper-slide-image swiper-lazy\" data-src=\"https:\/\/marketingbambu.com\/wp-content\/uploads\/2024\/12\/logo_GoogleWorkspace.jpg\" alt=\"logo_GoogleWorkspace\" \/><div class=\"swiper-lazy-preloader\"><\/div><\/figure><\/div><div class=\"swiper-slide\" role=\"group\" aria-roledescription=\"slide\" aria-label=\"4 of 7\"><figure class=\"swiper-slide-inner\"><img class=\"swiper-slide-image swiper-lazy\" data-src=\"https:\/\/marketingbambu.com\/wp-content\/uploads\/2024\/12\/logo_neolo.jpg\" alt=\"https:\/\/www.neolo.com\/\" \/><div class=\"swiper-lazy-preloader\"><\/div><\/figure><\/div><div class=\"swiper-slide\" role=\"group\" aria-roledescription=\"slide\" aria-label=\"5 of 7\"><figure class=\"swiper-slide-inner\"><img class=\"swiper-slide-image swiper-lazy\" data-src=\"https:\/\/marketingbambu.com\/wp-content\/uploads\/2024\/12\/logo_norton.jpg\" alt=\"logo_norton\" \/><div class=\"swiper-lazy-preloader\"><\/div><\/figure><\/div><div class=\"swiper-slide\" role=\"group\" aria-roledescription=\"slide\" aria-label=\"6 of 7\"><figure class=\"swiper-slide-inner\"><img class=\"swiper-slide-image swiper-lazy\" data-src=\"https:\/\/marketingbambu.com\/wp-content\/uploads\/2024\/12\/logo_perfit-150x150.jpg\" alt=\"logo_perfit\" \/><div class=\"swiper-lazy-preloader\"><\/div><\/figure><\/div><div class=\"swiper-slide\" role=\"group\" aria-roledescription=\"slide\" aria-label=\"7 of 7\"><figure class=\"swiper-slide-inner\"><img class=\"swiper-slide-image swiper-lazy\" data-src=\"https:\/\/marketingbambu.com\/wp-content\/uploads\/2024\/12\/microsoft_norton-150x150.jpg\" alt=\"microsoft_norton\" \/><div class=\"swiper-lazy-preloader\"><\/div><\/figure><\/div>\t\t\t<\/div>\n\t\t\t\t\t\t\t\n\t\t\t\t\t\t\t\t\t<\/div>\n\t\t\t\t\t\t<\/div>\n\t\t\t\t<\/div>\n\t\t\t\t<div class=\"elementor-element elementor-element-a196c77 elementor-widget elementor-widget-html\" data-id=\"a196c77\" data-element_type=\"widget\" data-widget_type=\"html.default\">\n\t\t\t\t<div class=\"elementor-widget-container\">\n\t\t\t\t\t<style>.swiper-slide-image{cursor: pointer;} <\/style>\r\n\r\n<script>\r\ndocument.addEventListener('DOMContentLoaded', function () {\r\n\r\n\/* Edit the URL Links Here *\/\r\nlet links = [\r\n    'https:\/\/www.agf.com.py\/',\r\n    'https:\/\/www.estebandigital.com.ar\/',\r\n    'https:\/\/workspace.google.com\/intl\/es-419_ar\/lp\/gmail\/?utm_source=google&utm_medium=cpc&utm_campaign=latam-AR-all-es-dr-bkws-all-all-trial-b-dr-1707806-LUAC0020495&utm_content=text-ad-none-any-DEV_c-CRE_683973428578-ADGP_Hybrid+%7C+BKWS+-+BRO+%7C+Txt-General-Gmail-KWID_43700078890624164-kwd-869655977191&utm_term=KW_gmail%20workspace-ST_gmail+workspace&gad_source=1&gclid=CjwKCAjwl6-3BhBWEiwApN6_koekHkSgSjCGgrXbyoQHTGWZABVfJkwveDmp3fHfcGMiScJv88Z6URoCuMwQAvD_BwE&gclsrc=aw.ds',\r\n    'https:\/\/www.neolo.com\/',\r\n    'https:\/\/ar.norton.com\/',\r\n    'https:\/\/www.myperfit.com\/es',\r\n    'https:\/\/www.microsoft.com\/es-ar\/'\r\n];\r\n\r\ndocument.body.addEventListener('click', function (e) {\r\n    if (e.target.closest('.carousel-links .swiper-slide')){\r\n    let i = e.target.closest('.swiper-slide').getAttribute(\"data-swiper-slide-index\");\r\n    if (links[i] && links[i].length > 2){\r\n    window.open(links[i]);\r\n    }\r\n    }\r\n});\r\n});\r\n<\/script>\t\t\t\t<\/div>\n\t\t\t\t<\/div>\n\t\t\t\t\t<\/div>\n\t\t\t\t<\/div>\n\t\t\t\t<\/div>","protected":false},"excerpt":{"rendered":"<p>#SomosBamb\u00faAGENCIA 360+\u00bfEst\u00e1s listo para emprender? #Somos Bamb\u00faAGENCIA 360+\u00bfEst\u00e1s listo para emprender? Acompa\u00f1amos a nuestros clientes en el desarrollo, la gesti\u00f3n y la implementaci\u00f3n de estrategias a corto, medio y largo plazo.Nuestra estructura de profesionales est\u00e1 formada por especialistas en marketing, creativos, periodistas, dise\u00f1adores y programadores. Servicios Marketing Bambu Estamos listos! Te invitamos a conocer nuestros [&hellip;]<\/p>","protected":false},"author":1,"featured_media":0,"parent":0,"menu_order":0,"comment_status":"closed","ping_status":"closed","template":"","meta":{"footnotes":""},"class_list":["post-8","page","type-page","status-publish","hentry"],"_links":{"self":[{"href":"https:\/\/marketingbambu.com\/en\/wp-json\/wp\/v2\/pages\/8","targetHints":{"allow":["GET"]}}],"collection":[{"href":"https:\/\/marketingbambu.com\/en\/wp-json\/wp\/v2\/pages"}],"about":[{"href":"https:\/\/marketingbambu.com\/en\/wp-json\/wp\/v2\/types\/page"}],"author":[{"embeddable":true,"href":"https:\/\/marketingbambu.com\/en\/wp-json\/wp\/v2\/users\/1"}],"replies":[{"embeddable":true,"href":"https:\/\/marketingbambu.com\/en\/wp-json\/wp\/v2\/comments?post=8"}],"version-history":[{"count":208,"href":"https:\/\/marketingbambu.com\/en\/wp-json\/wp\/v2\/pages\/8\/revisions"}],"predecessor-version":[{"id":767,"href":"https:\/\/marketingbambu.com\/en\/wp-json\/wp\/v2\/pages\/8\/revisions\/767"}],"wp:attachment":[{"href":"https:\/\/marketingbambu.com\/en\/wp-json\/wp\/v2\/media?parent=8"}],"curies":[{"name":"wp","href":"https:\/\/api.w.org\/{rel}","templated":true}]}}